{"id":170,"date":"2023-03-29T20:15:37","date_gmt":"2023-03-29T20:15:37","guid":{"rendered":"https:\/\/garrigaindustrialpr.axesawebhosting12.net\/garrigaindustrialpr\/?page_id=170"},"modified":"2023-04-19T18:53:33","modified_gmt":"2023-04-19T18:53:33","slug":"contacto","status":"publish","type":"page","link":"https:\/\/garrigaindustrialpr.axesawebhosting12.net\/en\/contacto\/","title":{"rendered":"Contact"},"content":{"rendered":"<div data-elementor-type=\"wp-page\" data-elementor-id=\"170\" class=\"elementor elementor-170\" data-elementor-settings=\"{&quot;ha_cmc_init_switcher&quot;:&quot;no&quot;}\">\n\t\t\t\t\t\t<section class=\"elementor-section elementor-top-section elementor-element elementor-element-f7e8453 elementor-section-boxed elementor-section-height-default elementor-section-height-default\" data-id=\"f7e8453\" data-element_type=\"section\" data-settings=\"{&quot;jet_parallax_layout_list&quot;:[],&quot;background_background&quot;:&quot;classic&quot;,&quot;_ha_eqh_enable&quot;:false}\">\n\t\t\t\t\t\t<div class=\"elementor-container elementor-column-gap-default\">\n\t\t\t\t\t\t<\/div>\n\t\t<\/section>\n\t\t\t\t<section class=\"elementor-section elementor-top-section elementor-element elementor-element-81160ef elementor-section-height-min-height elementor-section-boxed elementor-section-height-default elementor-section-items-middle\" data-id=\"81160ef\" data-element_type=\"section\" data-settings=\"{&quot;jet_parallax_layout_list&quot;:[],&quot;background_background&quot;:&quot;classic&quot;,&quot;_ha_eqh_enable&quot;:false}\">\n\t\t\t\t\t\t\t<div class=\"elementor-background-overlay\"><\/div>\n\t\t\t\t\t\t\t<div class=\"elementor-container elementor-column-gap-default\">\n\t\t\t\t\t<div class=\"elementor-column elementor-col-100 elementor-top-column elementor-element elementor-element-2cf10d4\" data-id=\"2cf10d4\" data-element_type=\"column\">\n\t\t\t<div class=\"elementor-widget-wrap elementor-element-populated\">\n\t\t\t\t\t\t<div class=\"elementor-element elementor-element-9843146 elementor-widget elementor-widget-heading\" data-id=\"9843146\" data-element_type=\"widget\" data-widget_type=\"heading.default\">\n\t\t\t\t<div class=\"elementor-widget-container\">\n\t\t\t\t\t<h2 class=\"elementor-heading-title elementor-size-default\">Consult the experts to enjoy cooler spaces in your business.<\/h2>\t\t\t\t<\/div>\n\t\t\t\t<\/div>\n\t\t\t\t<div class=\"elementor-element elementor-element-37c0330 elementor-widget-divider--view-line elementor-widget elementor-widget-divider\" data-id=\"37c0330\" data-element_type=\"widget\" data-widget_type=\"divider.default\">\n\t\t\t\t<div class=\"elementor-widget-container\">\n\t\t\t\t\t\t\t<div class=\"elementor-divider\">\n\t\t\t<span class=\"elementor-divider-separator\">\n\t\t\t\t\t\t<\/span>\n\t\t<\/div>\n\t\t\t\t\t\t<\/div>\n\t\t\t\t<\/div>\n\t\t\t\t<div class=\"elementor-element elementor-element-498aafc elementor-widget elementor-widget-heading\" data-id=\"498aafc\" data-element_type=\"widget\" data-widget_type=\"heading.default\">\n\t\t\t\t<div class=\"elementor-widget-container\">\n\t\t\t\t\t<h2 class=\"elementor-heading-title elementor-size-default\">If you are interested in our industrial refrigeration and ventilation services or have any questions, please do not hesitate to contact us. We will find the best solution for your needs.\nWe guarantee a first class and personalized service.<\/h2>\t\t\t\t<\/div>\n\t\t\t\t<\/div>\n\t\t\t\t\t<\/div>\n\t\t<\/div>\n\t\t\t\t\t<\/div>\n\t\t<\/section>\n\t\t\t\t<section class=\"elementor-section elementor-top-section elementor-element elementor-element-af69b57 elementor-section-height-min-height elementor-section-boxed elementor-section-height-default elementor-section-items-middle\" data-id=\"af69b57\" data-element_type=\"section\" data-settings=\"{&quot;jet_parallax_layout_list&quot;:[],&quot;background_background&quot;:&quot;classic&quot;,&quot;_ha_eqh_enable&quot;:false}\">\n\t\t\t\t\t\t<div class=\"elementor-container elementor-column-gap-default\">\n\t\t\t\t\t<div class=\"elementor-column elementor-col-100 elementor-top-column elementor-element elementor-element-879f5ae\" data-id=\"879f5ae\" data-element_type=\"column\">\n\t\t\t<div class=\"elementor-widget-wrap elementor-element-populated\">\n\t\t\t\t\t\t<div class=\"elementor-element elementor-element-81a8a75 elementor-widget elementor-widget-heading\" data-id=\"81a8a75\" data-element_type=\"widget\" data-widget_type=\"heading.default\">\n\t\t\t\t<div class=\"elementor-widget-container\">\n\t\t\t\t\t<h2 class=\"elementor-heading-title elementor-size-default\">We guarantee a first class and personalized service. <\/h2>\t\t\t\t<\/div>\n\t\t\t\t<\/div>\n\t\t\t\t\t<\/div>\n\t\t<\/div>\n\t\t\t\t\t<\/div>\n\t\t<\/section>\n\t\t\t\t<section class=\"elementor-section elementor-top-section elementor-element elementor-element-45ebfb0 elementor-section-height-min-height elementor-section-boxed elementor-section-height-default elementor-section-items-middle\" data-id=\"45ebfb0\" data-element_type=\"section\" data-settings=\"{&quot;jet_parallax_layout_list&quot;:[],&quot;_ha_eqh_enable&quot;:false}\">\n\t\t\t\t\t\t<div class=\"elementor-container elementor-column-gap-default\">\n\t\t\t\t\t<div class=\"elementor-column elementor-col-100 elementor-top-column elementor-element elementor-element-6f65bed\" data-id=\"6f65bed\" data-element_type=\"column\">\n\t\t\t<div class=\"elementor-widget-wrap elementor-element-populated\">\n\t\t\t\t\t\t<div class=\"elementor-element elementor-element-7b957ca elementor-widget elementor-widget-heading\" data-id=\"7b957ca\" data-element_type=\"widget\" data-widget_type=\"heading.default\">\n\t\t\t\t<div class=\"elementor-widget-container\">\n\t\t\t\t\t<h2 class=\"elementor-heading-title elementor-size-default\">Contact us<\/h2>\t\t\t\t<\/div>\n\t\t\t\t<\/div>\n\t\t\t\t<div class=\"elementor-element elementor-element-28616e7 ha-form-btn--right elementor-widget elementor-widget-ha-wpform happy-addon ha-wpform\" data-id=\"28616e7\" data-element_type=\"widget\" data-widget_type=\"ha-wpform.default\">\n\t\t\t\t<div class=\"elementor-widget-container\">\n\t\t\t\t\t<div class=\"wpforms-container wpforms-container-full\" id=\"wpforms-275\"><form id=\"wpforms-form-275\" class=\"wpforms-validate wpforms-form wpforms-ajax-form\" data-formid=\"275\" method=\"post\" enctype=\"multipart\/form-data\" action=\"\/en\/wp-json\/wp\/v2\/pages\/170\" data-token=\"7f7f85efe90c54c85e9ba0726413b2d0\" data-token-time=\"1775848203\" data-trp-original-action=\"\/en\/wp-json\/wp\/v2\/pages\/170\"><noscript class=\"wpforms-error-noscript\">Please enable JavaScript in your browser to complete this form.<\/noscript><div class=\"wpforms-field-container\"><div id=\"wpforms-275-field_1-container\" class=\"wpforms-field wpforms-field-name\" data-field-id=\"1\"><label class=\"wpforms-field-label wpforms-label-hide\" for=\"wpforms-275-field_1\">Name <span class=\"wpforms-required-label\">*<\/span><\/label><input type=\"text\" id=\"wpforms-275-field_1\" class=\"wpforms-field-large wpforms-field-required\" name=\"wpforms[fields][1]\" placeholder=\"Name\" required><\/div><div id=\"wpforms-275-field_2-container\" class=\"wpforms-field wpforms-field-email\" data-field-id=\"2\"><label class=\"wpforms-field-label wpforms-label-hide\" for=\"wpforms-275-field_2\">Correo electr\u00f3nico <span class=\"wpforms-required-label\">*<\/span><\/label><input type=\"email\" id=\"wpforms-275-field_2\" class=\"wpforms-field-large wpforms-field-required\" name=\"wpforms[fields][2]\" placeholder=\"Email\" spellcheck=\"false\" required><\/div><div id=\"wpforms-275-field_3-container\" class=\"wpforms-field wpforms-field-text\" data-field-id=\"3\"><label class=\"wpforms-field-label wpforms-label-hide\" for=\"wpforms-275-field_3\">Telephone number<\/label><input type=\"text\" id=\"wpforms-275-field_3\" class=\"wpforms-field-large wpforms-masked-input\" data-rule-inputmask-incomplete=\"1\" data-inputmask-mask=\"(999)-999-9999\" name=\"wpforms[fields][3]\" placeholder=\"Telephone number\" ><\/div><div id=\"wpforms-275-field_4-container\" class=\"wpforms-field wpforms-field-textarea\" data-field-id=\"4\"><label class=\"wpforms-field-label wpforms-label-hide\" for=\"wpforms-275-field_4\">Message <span class=\"wpforms-required-label\">*<\/span><\/label><textarea id=\"wpforms-275-field_4\" class=\"wpforms-field-medium wpforms-field-required\" name=\"wpforms[fields][4]\" placeholder=\"Message\" required><\/textarea><\/div><\/div><!-- .wpforms-field-container --><div class=\"wpforms-recaptcha-container wpforms-is-recaptcha wpforms-is-recaptcha-type-v3\" ><input type=\"hidden\" name=\"wpforms[recaptcha]\" value=\"\"><\/div><div class=\"wpforms-submit-container\" ><input type=\"hidden\" name=\"wpforms[id]\" value=\"275\"><input type=\"hidden\" name=\"page_title\" value=\"\"><input type=\"hidden\" name=\"page_url\" value=\"https:\/\/garrigaindustrialpr.axesawebhosting12.net\/en\/wp-json\/wp\/v2\/pages\/170\"><input type=\"hidden\" name=\"url_referer\" value=\"\"><button type=\"submit\" name=\"wpforms[submit]\" id=\"wpforms-submit-275\" class=\"wpforms-submit\" data-alt-text=\"Enviando...\" data-submit-text=\"Enviar\" aria-live=\"assertive\" value=\"wpforms-submit\">Send<\/button><img decoding=\"async\" src=\"https:\/\/garrigaindustrialpr.axesawebhosting12.net\/wp-content\/plugins\/wpforms\/assets\/images\/submit-spin.svg\" class=\"wpforms-submit-spinner\" style=\"display: none;\" width=\"26\" height=\"26\" alt=\"Loading\"><\/div><input type=\"hidden\" name=\"trp-form-language\" value=\"en\"\/><\/form><\/div>  <!-- .wpforms-container -->\t\t\t\t<\/div>\n\t\t\t\t<\/div>\n\t\t\t\t\t<\/div>\n\t\t<\/div>\n\t\t\t\t\t<\/div>\n\t\t<\/section>\n\t\t\t\t<section class=\"elementor-section elementor-top-section elementor-element elementor-element-d840372 elementor-section-full_width elementor-section-height-default elementor-section-height-default\" data-id=\"d840372\" data-element_type=\"section\" data-settings=\"{&quot;jet_parallax_layout_list&quot;:[],&quot;_ha_eqh_enable&quot;:false}\">\n\t\t\t\t\t\t<div class=\"elementor-container elementor-column-gap-default\">\n\t\t\t\t\t<div class=\"elementor-column elementor-col-100 elementor-top-column elementor-element elementor-element-eb4daea\" data-id=\"eb4daea\" data-element_type=\"column\">\n\t\t\t<div class=\"elementor-widget-wrap elementor-element-populated\">\n\t\t\t\t\t\t<div class=\"elementor-element elementor-element-c485ada elementor-widget elementor-widget-google_maps\" data-id=\"c485ada\" data-element_type=\"widget\" data-widget_type=\"google_maps.default\">\n\t\t\t\t<div class=\"elementor-widget-container\">\n\t\t\t\t\t\t\t<div class=\"elementor-custom-embed\">\n\t\t\t<iframe loading=\"lazy\"\n\t\t\t\t\tsrc=\"https:\/\/maps.google.com\/maps?q=Las%20Cuevas%2C%20Trujillo%20Alto%2C%20Puerto%20Rico%2000976&#038;t=m&#038;z=16&#038;output=embed&#038;iwloc=near\"\n\t\t\t\t\ttitle=\"Las Cuevas, Trujillo Alto, Puerto Rico 00976\"\n\t\t\t\t\taria-label=\"Las Cuevas, Trujillo Alto, Puerto Rico 00976\"\n\t\t\t><\/iframe>\n\t\t<\/div>\n\t\t\t\t\t\t<\/div>\n\t\t\t\t<\/div>\n\t\t\t\t\t<\/div>\n\t\t<\/div>\n\t\t\t\t\t<\/div>\n\t\t<\/section>\n\t\t\t\t<\/div>","protected":false},"excerpt":{"rendered":"<p>Consulta a los expertos para disfrutar de espacios m\u00e1s frescos en tu negocio. Si est\u00e1s interesado en nuestros servicios de refrigeraci\u00f3n y ventilaci\u00f3n industrial o tienes alguna pregunta, no dudes en ponerte en contacto con nosotros. Buscaremos la mejor soluci\u00f3n para tus necesidades. Garantizamos un servicio de primera y personalizado. Comun\u00edquese con Nosotros Por favor, [&hellip;]<\/p>","protected":false},"author":1,"featured_media":0,"parent":0,"menu_order":0,"comment_status":"closed","ping_status":"closed","template":"elementor_header_footer","meta":{"_joinchat":[],"footnotes":""},"class_list":["post-170","page","type-page","status-publish","hentry"],"yoast_head":"<!-- This site is optimized with the Yoast SEO plugin v25.3 - https:\/\/yoast.com\/wordpress\/plugins\/seo\/ -->\n<title>Contacto | Garriga Industrial inc<\/title>\n<meta name=\"robots\" content=\"index, follow, max-snippet:-1, max-image-preview:large, max-video-preview:-1\" \/>\n<link rel=\"canonical\" href=\"https:\/\/garrigaindustrialpr.axesawebhosting12.net\/en\/contacto\/\" \/>\n<meta property=\"og:locale\" content=\"en_US\" \/>\n<meta property=\"og:type\" content=\"article\" \/>\n<meta property=\"og:title\" content=\"Contacto | Garriga Industrial inc\" \/>\n<meta property=\"og:description\" content=\"Consulta a los expertos para disfrutar de espacios m\u00e1s frescos en tu negocio. Si est\u00e1s interesado en nuestros servicios de refrigeraci\u00f3n y ventilaci\u00f3n industrial o tienes alguna pregunta, no dudes en ponerte en contacto con nosotros. Buscaremos la mejor soluci\u00f3n para tus necesidades. Garantizamos un servicio de primera y personalizado. Comun\u00edquese con Nosotros Por favor, [&hellip;]\" \/>\n<meta property=\"og:url\" content=\"https:\/\/garrigaindustrialpr.axesawebhosting12.net\/en\/contacto\/\" \/>\n<meta property=\"og:site_name\" content=\"Garriga Industrial inc\" \/>\n<meta property=\"article:modified_time\" content=\"2023-04-19T18:53:33+00:00\" \/>\n<meta property=\"og:image\" content=\"https:\/\/garrigaindustrialpr.axesawebhosting12.net\/garrigaindustrialpr\/wp-content\/plugins\/wpforms-lite\/assets\/images\/submit-spin.svg\" \/>\n<meta name=\"twitter:card\" content=\"summary_large_image\" \/>\n<meta name=\"twitter:label1\" content=\"Est. reading time\" \/>\n\t<meta name=\"twitter:data1\" content=\"1 minute\" \/>\n<script type=\"application\/ld+json\" class=\"yoast-schema-graph\">{\"@context\":\"https:\/\/schema.org\",\"@graph\":[{\"@type\":\"WebPage\",\"@id\":\"https:\/\/garrigaindustrialpr.axesawebhosting12.net\/contacto\/\",\"url\":\"https:\/\/garrigaindustrialpr.axesawebhosting12.net\/contacto\/\",\"name\":\"Contacto | Garriga Industrial inc\",\"isPartOf\":{\"@id\":\"https:\/\/garrigaindustrialpr.axesawebhosting12.net\/#website\"},\"primaryImageOfPage\":{\"@id\":\"https:\/\/garrigaindustrialpr.axesawebhosting12.net\/contacto\/#primaryimage\"},\"image\":{\"@id\":\"https:\/\/garrigaindustrialpr.axesawebhosting12.net\/contacto\/#primaryimage\"},\"thumbnailUrl\":\"https:\/\/garrigaindustrialpr.axesawebhosting12.net\/garrigaindustrialpr\/wp-content\/plugins\/wpforms-lite\/assets\/images\/submit-spin.svg\",\"datePublished\":\"2023-03-29T20:15:37+00:00\",\"dateModified\":\"2023-04-19T18:53:33+00:00\",\"breadcrumb\":{\"@id\":\"https:\/\/garrigaindustrialpr.axesawebhosting12.net\/contacto\/#breadcrumb\"},\"inLanguage\":\"en-US\",\"potentialAction\":[{\"@type\":\"ReadAction\",\"target\":[\"https:\/\/garrigaindustrialpr.axesawebhosting12.net\/contacto\/\"]}]},{\"@type\":\"ImageObject\",\"inLanguage\":\"en-US\",\"@id\":\"https:\/\/garrigaindustrialpr.axesawebhosting12.net\/contacto\/#primaryimage\",\"url\":\"https:\/\/garrigaindustrialpr.axesawebhosting12.net\/garrigaindustrialpr\/wp-content\/plugins\/wpforms-lite\/assets\/images\/submit-spin.svg\",\"contentUrl\":\"https:\/\/garrigaindustrialpr.axesawebhosting12.net\/garrigaindustrialpr\/wp-content\/plugins\/wpforms-lite\/assets\/images\/submit-spin.svg\"},{\"@type\":\"BreadcrumbList\",\"@id\":\"https:\/\/garrigaindustrialpr.axesawebhosting12.net\/contacto\/#breadcrumb\",\"itemListElement\":[{\"@type\":\"ListItem\",\"position\":1,\"name\":\"Portada\",\"item\":\"https:\/\/garrigaindustrialpr.axesawebhosting12.net\/\"},{\"@type\":\"ListItem\",\"position\":2,\"name\":\"Contacto\"}]},{\"@type\":\"WebSite\",\"@id\":\"https:\/\/garrigaindustrialpr.axesawebhosting12.net\/#website\",\"url\":\"https:\/\/garrigaindustrialpr.axesawebhosting12.net\/\",\"name\":\"Garriga Industrial inc\",\"description\":\"Soluciones industriales y comerciales en el \u00e1rea de refrigeraci\u00f3n  y ventilaci\u00f3n\",\"publisher\":{\"@id\":\"https:\/\/garrigaindustrialpr.axesawebhosting12.net\/#organization\"},\"potentialAction\":[{\"@type\":\"SearchAction\",\"target\":{\"@type\":\"EntryPoint\",\"urlTemplate\":\"https:\/\/garrigaindustrialpr.axesawebhosting12.net\/?s={search_term_string}\"},\"query-input\":{\"@type\":\"PropertyValueSpecification\",\"valueRequired\":true,\"valueName\":\"search_term_string\"}}],\"inLanguage\":\"en-US\"},{\"@type\":\"Organization\",\"@id\":\"https:\/\/garrigaindustrialpr.axesawebhosting12.net\/#organization\",\"name\":\"Garriga Industrial inc\",\"url\":\"https:\/\/garrigaindustrialpr.axesawebhosting12.net\/\",\"logo\":{\"@type\":\"ImageObject\",\"inLanguage\":\"en-US\",\"@id\":\"https:\/\/garrigaindustrialpr.axesawebhosting12.net\/#\/schema\/logo\/image\/\",\"url\":\"https:\/\/garrigaindustrialpr.axesawebhosting12.net\/wp-content\/uploads\/2023\/02\/logoGI.png\",\"contentUrl\":\"https:\/\/garrigaindustrialpr.axesawebhosting12.net\/wp-content\/uploads\/2023\/02\/logoGI.png\",\"width\":495,\"height\":495,\"caption\":\"Garriga Industrial inc\"},\"image\":{\"@id\":\"https:\/\/garrigaindustrialpr.axesawebhosting12.net\/#\/schema\/logo\/image\/\"}}]}<\/script>\n<!-- \/ Yoast SEO plugin. -->","yoast_head_json":{"title":"Contacto | Garriga Industrial inc","robots":{"index":"index","follow":"follow","max-snippet":"max-snippet:-1","max-image-preview":"max-image-preview:large","max-video-preview":"max-video-preview:-1"},"canonical":"https:\/\/garrigaindustrialpr.axesawebhosting12.net\/en\/contacto\/","og_locale":"en_US","og_type":"article","og_title":"Contacto | Garriga Industrial inc","og_description":"Consulta a los expertos para disfrutar de espacios m\u00e1s frescos en tu negocio. Si est\u00e1s interesado en nuestros servicios de refrigeraci\u00f3n y ventilaci\u00f3n industrial o tienes alguna pregunta, no dudes en ponerte en contacto con nosotros. Buscaremos la mejor soluci\u00f3n para tus necesidades. Garantizamos un servicio de primera y personalizado. Comun\u00edquese con Nosotros Por favor, [&hellip;]","og_url":"https:\/\/garrigaindustrialpr.axesawebhosting12.net\/en\/contacto\/","og_site_name":"Garriga Industrial inc","article_modified_time":"2023-04-19T18:53:33+00:00","og_image":[{"url":"https:\/\/garrigaindustrialpr.axesawebhosting12.net\/garrigaindustrialpr\/wp-content\/plugins\/wpforms-lite\/assets\/images\/submit-spin.svg","type":"","width":"","height":""}],"twitter_card":"summary_large_image","twitter_misc":{"Est. reading time":"1 minute"},"schema":{"@context":"https:\/\/schema.org","@graph":[{"@type":"WebPage","@id":"https:\/\/garrigaindustrialpr.axesawebhosting12.net\/contacto\/","url":"https:\/\/garrigaindustrialpr.axesawebhosting12.net\/contacto\/","name":"Contacto | Garriga Industrial inc","isPartOf":{"@id":"https:\/\/garrigaindustrialpr.axesawebhosting12.net\/#website"},"primaryImageOfPage":{"@id":"https:\/\/garrigaindustrialpr.axesawebhosting12.net\/contacto\/#primaryimage"},"image":{"@id":"https:\/\/garrigaindustrialpr.axesawebhosting12.net\/contacto\/#primaryimage"},"thumbnailUrl":"https:\/\/garrigaindustrialpr.axesawebhosting12.net\/garrigaindustrialpr\/wp-content\/plugins\/wpforms-lite\/assets\/images\/submit-spin.svg","datePublished":"2023-03-29T20:15:37+00:00","dateModified":"2023-04-19T18:53:33+00:00","breadcrumb":{"@id":"https:\/\/garrigaindustrialpr.axesawebhosting12.net\/contacto\/#breadcrumb"},"inLanguage":"en-US","potentialAction":[{"@type":"ReadAction","target":["https:\/\/garrigaindustrialpr.axesawebhosting12.net\/contacto\/"]}]},{"@type":"ImageObject","inLanguage":"en-US","@id":"https:\/\/garrigaindustrialpr.axesawebhosting12.net\/contacto\/#primaryimage","url":"https:\/\/garrigaindustrialpr.axesawebhosting12.net\/garrigaindustrialpr\/wp-content\/plugins\/wpforms-lite\/assets\/images\/submit-spin.svg","contentUrl":"https:\/\/garrigaindustrialpr.axesawebhosting12.net\/garrigaindustrialpr\/wp-content\/plugins\/wpforms-lite\/assets\/images\/submit-spin.svg"},{"@type":"BreadcrumbList","@id":"https:\/\/garrigaindustrialpr.axesawebhosting12.net\/contacto\/#breadcrumb","itemListElement":[{"@type":"ListItem","position":1,"name":"Portada","item":"https:\/\/garrigaindustrialpr.axesawebhosting12.net\/"},{"@type":"ListItem","position":2,"name":"Contacto"}]},{"@type":"WebSite","@id":"https:\/\/garrigaindustrialpr.axesawebhosting12.net\/#website","url":"https:\/\/garrigaindustrialpr.axesawebhosting12.net\/","name":"Garriga Industrial inc","description":"Soluciones industriales y comerciales en el \u00e1rea de refrigeraci\u00f3n  y ventilaci\u00f3n","publisher":{"@id":"https:\/\/garrigaindustrialpr.axesawebhosting12.net\/#organization"},"potentialAction":[{"@type":"SearchAction","target":{"@type":"EntryPoint","urlTemplate":"https:\/\/garrigaindustrialpr.axesawebhosting12.net\/?s={search_term_string}"},"query-input":{"@type":"PropertyValueSpecification","valueRequired":true,"valueName":"search_term_string"}}],"inLanguage":"en-US"},{"@type":"Organization","@id":"https:\/\/garrigaindustrialpr.axesawebhosting12.net\/#organization","name":"Garriga Industrial inc","url":"https:\/\/garrigaindustrialpr.axesawebhosting12.net\/","logo":{"@type":"ImageObject","inLanguage":"en-US","@id":"https:\/\/garrigaindustrialpr.axesawebhosting12.net\/#\/schema\/logo\/image\/","url":"https:\/\/garrigaindustrialpr.axesawebhosting12.net\/wp-content\/uploads\/2023\/02\/logoGI.png","contentUrl":"https:\/\/garrigaindustrialpr.axesawebhosting12.net\/wp-content\/uploads\/2023\/02\/logoGI.png","width":495,"height":495,"caption":"Garriga Industrial inc"},"image":{"@id":"https:\/\/garrigaindustrialpr.axesawebhosting12.net\/#\/schema\/logo\/image\/"}}]}},"_hostinger_reach_plugin_has_subscription_block":false,"_hostinger_reach_plugin_is_elementor":false,"_links":{"self":[{"href":"https:\/\/garrigaindustrialpr.axesawebhosting12.net\/en\/wp-json\/wp\/v2\/pages\/170","targetHints":{"allow":["GET"]}}],"collection":[{"href":"https:\/\/garrigaindustrialpr.axesawebhosting12.net\/en\/wp-json\/wp\/v2\/pages"}],"about":[{"href":"https:\/\/garrigaindustrialpr.axesawebhosting12.net\/en\/wp-json\/wp\/v2\/types\/page"}],"author":[{"embeddable":true,"href":"https:\/\/garrigaindustrialpr.axesawebhosting12.net\/en\/wp-json\/wp\/v2\/users\/1"}],"replies":[{"embeddable":true,"href":"https:\/\/garrigaindustrialpr.axesawebhosting12.net\/en\/wp-json\/wp\/v2\/comments?post=170"}],"version-history":[{"count":19,"href":"https:\/\/garrigaindustrialpr.axesawebhosting12.net\/en\/wp-json\/wp\/v2\/pages\/170\/revisions"}],"predecessor-version":[{"id":475,"href":"https:\/\/garrigaindustrialpr.axesawebhosting12.net\/en\/wp-json\/wp\/v2\/pages\/170\/revisions\/475"}],"wp:attachment":[{"href":"https:\/\/garrigaindustrialpr.axesawebhosting12.net\/en\/wp-json\/wp\/v2\/media?parent=170"}],"curies":[{"name":"wp","href":"https:\/\/api.w.org\/{rel}","templated":true}]}}